{"id":6,"date":"2020-08-25T18:16:10","date_gmt":"2020-08-25T18:16:10","guid":{"rendered":"http:\/\/ohana-8.com\/?page_id=6"},"modified":"2023-08-24T19:48:27","modified_gmt":"2023-08-24T19:48:27","slug":"the-new-umoma-opens-its-doors-2","status":"publish","type":"page","link":"https:\/\/ohana-8.com\/","title":{"rendered":"Ohana 8"},"content":{"rendered":"\n<h2 class=\"wp-block-heading alignwide has-text-align-center\">Vivez l&#8217;exp\u00e9rience de la performance et du luxe en catamaran<\/h2>\n\n\n\n<div class=\"alignwide\"><div id=\"metaslider-id-139\" style=\"width: 100%;\" class=\"ml-slider-3-36-0 metaslider metaslider-flex metaslider-139 ml-slider ms-theme-simply-dark has-dots-nav\" role=\"region\" aria-roledescription=\"Slideshow\" aria-label=\"New Slideshow\">\n    <div id=\"metaslider_container_139\">\n        <div id=\"metaslider_139\">\n            <ul aria-live=\"polite\" class=\"slides\">\n                <li style=\"display: block; width: 100%;\" class=\"slide-140 ms-image\" aria-roledescription=\"slide\" aria-label=\"slide-140\"><a href=\"https:\/\/ohana-8.com\/?page_id=271\" target=\"_self\"><img src=\"https:\/\/ohana-8.com\/wp-content\/uploads\/2020\/08\/110314326_3234691416569445_5237891454519183142_o-2048x1152.jpg\" height=\"1440\" width=\"2560\" alt=\"ohana-car-cover\" class=\"slider-139 slide-140\" title=\"110314326_3234691416569445_5237891454519183142_o\" \/><\/a><div class=\"caption-wrap\"><div class=\"caption\">D\u00e9couvrez l'aventure!<\/div><\/div><\/li>\n                <li style=\"display: none; width: 100%;\" class=\"slide-141 ms-image\" aria-roledescription=\"slide\" aria-label=\"slide-141\"><a href=\"https:\/\/www.youtube.com\/watch?v=7UlSaQ7zI_8&amp;t=358s\" target=\"_blank\"><img src=\"https:\/\/ohana-8.com\/wp-content\/uploads\/2020\/08\/112498484_3234822776556309_5808993514613143319_o-2048x1152.jpg\" height=\"1440\" width=\"2560\" alt=\"ohana-car-2\" class=\"slider-139 slide-141\" title=\"112498484_3234822776556309_5808993514613143319_o\" \/><\/a><div class=\"caption-wrap\"><div class=\"caption\">Ohana 8 lors des essais en Afrique du sud sur l'oc\u00e9an Atlantique<\/div><\/div><\/li>\n                <li style=\"display: none; width: 100%;\" class=\"slide-142 ms-image\" aria-roledescription=\"slide\" aria-label=\"slide-142\"><a href=\"https:\/\/ohana-8.com\/?page_id=246\" target=\"_self\"><img src=\"https:\/\/ohana-8.com\/wp-content\/uploads\/2020\/12\/Laterale-scaled-2560x1440.jpg\" height=\"1440\" width=\"2560\" alt=\"ohana-car-3\" class=\"slider-139 slide-142\" title=\"Laterale\" \/><\/a><div class=\"caption-wrap\"><div class=\"caption\">D\u00e9couvrez la Martinique<\/div><\/div><\/li>\n                <li style=\"display: none; width: 100%;\" class=\"slide-144 ms-image\" aria-roledescription=\"slide\" aria-label=\"slide-144\"><a href=\"https:\/\/www.youtube.com\/watch?v=hozdKfjcVjY\" target=\"_blank\"><img src=\"https:\/\/ohana-8.com\/wp-content\/uploads\/2020\/12\/Mise-eau-YT-982x552.jpg\" height=\"1440\" width=\"2560\" alt=\"ohana-car-4\" class=\"slider-139 slide-144\" title=\"Mise-eau-YT\" \/><\/a><div class=\"caption-wrap\"><div class=\"caption\">Cliquez sur l'image afin d'assister \u00e0 la mise \u00e0 l'eau<\/div><\/div><\/li>\n                <li style=\"display: none; width: 100%;\" class=\"slide-145 ms-image\" aria-roledescription=\"slide\" aria-label=\"slide-145\"><a href=\"https:\/\/ohana-8.com\/?page_id=286\" target=\"_self\"><img src=\"https:\/\/ohana-8.com\/wp-content\/uploads\/2020\/12\/IMG_20200302_152306_resized_20200302_032822054-1824x1026.jpg\" height=\"1440\" width=\"2560\" alt=\"ohana-car-5\" class=\"slider-139 slide-145\" title=\"IMG_20200302_152306_resized_20200302_032822054\" \/><\/a><div class=\"caption-wrap\"><div class=\"caption\">D\u00e9couvrez la performance<\/div><\/div><\/li>\n            <\/ul>\n        <\/div>\n        \n    <\/div>\n<\/div><\/div>\n\n\n\n<p><\/p>\n\n\n\n<p class=\"has-drop-cap\">On vous emm\u00e8ne \u00e0 la d\u00e9couverte de la Martinique, une \u00eele antillaise reconnue pour la splendeur de ses paysages et sa richesse culturelle et historique. Celle que l\u2019on nomme l\u2019\u00eele aux fleurs sait charmer par ses activit\u00e9s, ses villas de r\u00eave, sa nature luxuriante et sa population chaleureuse. En voyage dans cette \u00eele faite de montagnes, de mangroves et de for\u00eats tropicales, voici ce qu\u2019il ne faut pas manquer.<\/p>\n\n\n\n<div class=\"wp-block-columns alignwide is-layout-flex wp-container-5 wp-block-columns-is-layout-flex\">\n<div class=\"wp-block-column is-layout-flow wp-block-column-is-layout-flow\">\n<div class=\"wp-block-group is-layout-flow wp-block-group-is-layout-flow\">\n<h3 class=\"wp-block-heading\">Journ\u00e9e Magique<\/h3>\n\n\n\n<p>Arriv\u00e9e \u00e0 8 h \u00e0 bord, d\u00eener inclus, deux consommations<br>alcoolis\u00e9es, sortie \u00e0 16h00 ou  d\u00eener et souper, deux consommations alcoolis\u00e9es et demi-bouteille de vin au souper, sortie \u00e0 19h30<\/p>\n<\/div>\n<\/div>\n\n\n\n<div class=\"wp-block-column is-layout-flow wp-block-column-is-layout-flow\">\n<div class=\"wp-block-group is-layout-flow wp-block-group-is-layout-flow\">\n<h3 class=\"wp-block-heading\">Forfait \u00c9meraude<\/h3>\n\n\n\n<p>7 journ\u00e9es et nuit\u00e9es \u00e0 bord<br>Capitaine \u2014 la propri\u00e9taire sera votre h\u00f4tesse et infirmi\u00e8re \u00e0 bord<br>Sorties \u00e0 voile selon un trajet d\u00e9fini autour de la Martinique<br><br><\/p>\n<\/div>\n<\/div>\n<\/div>\n\n\n\n<div class=\"wp-block-buttons is-content-justification-center is-layout-flex wp-container-6 wp-block-buttons-is-layout-flex\">\n<div class=\"wp-block-button\"><a class=\"wp-block-button__link has-text-align-center wp-element-button\" href=\"https:\/\/ohana-8.com\/?page_id=158\">Voir les forfaits<\/a><\/div>\n\n\n\n<div class=\"wp-block-button aligncenter\"><a class=\"wp-block-button__link wp-element-button\" href=\"mailto: info@ohana-8.com\">R\u00e9servez vos vacances<\/a><\/div>\n<\/div>\n\n\n\n<p class=\"has-text-align-center\">Contactez-nous au info@ohana-8.com<\/p>\n","protected":false},"excerpt":{"rendered":"<p>Vivez l&#8217;exp\u00e9rience de la performance et du luxe en catamaran On vous emm\u00e8ne \u00e0 la d\u00e9couverte de la Martinique, une \u00eele antillaise reconnue pour la splendeur de ses paysages et sa richesse culturelle et historique. Celle que l\u2019on nomme l\u2019\u00eele aux fleurs sait charmer par ses activit\u00e9s, ses villas de r\u00eave, sa nature luxuriante et [&hellip;]<\/p>\n","protected":false},"author":1,"featured_media":0,"parent":0,"menu_order":0,"comment_status":"closed","ping_status":"closed","template":"template-fullwidth.php","meta":{"footnotes":""},"_links":{"self":[{"href":"https:\/\/ohana-8.com\/index.php?rest_route=\/wp\/v2\/pages\/6"}],"collection":[{"href":"https:\/\/ohana-8.com\/index.php?rest_route=\/wp\/v2\/pages"}],"about":[{"href":"https:\/\/ohana-8.com\/index.php?rest_route=\/wp\/v2\/types\/page"}],"author":[{"embeddable":true,"href":"https:\/\/ohana-8.com\/index.php?rest_route=\/wp\/v2\/users\/1"}],"replies":[{"embeddable":true,"href":"https:\/\/ohana-8.com\/index.php?rest_route=%2Fwp%2Fv2%2Fcomments&post=6"}],"version-history":[{"count":43,"href":"https:\/\/ohana-8.com\/index.php?rest_route=\/wp\/v2\/pages\/6\/revisions"}],"predecessor-version":[{"id":195,"href":"https:\/\/ohana-8.com\/index.php?rest_route=\/wp\/v2\/pages\/6\/revisions\/195"}],"wp:attachment":[{"href":"https:\/\/ohana-8.com\/index.php?rest_route=%2Fwp%2Fv2%2Fmedia&parent=6"}],"curies":[{"name":"wp","href":"https:\/\/api.w.org\/{rel}","templated":true}]}}