{"id":56,"date":"2020-12-23T19:56:54","date_gmt":"2020-12-23T19:56:54","guid":{"rendered":"http:\/\/ohana-8.com\/?page_id=56"},"modified":"2024-02-13T01:18:35","modified_gmt":"2024-02-13T01:18:35","slug":"a-propos","status":"publish","type":"page","link":"https:\/\/ohana-8.com\/?page_id=56","title":{"rendered":"\u00c0 propos"},"content":{"rendered":"\n<p>Nous sommes un couple tomb\u00e9 amoureux de la voile d\u00e8s notre premi\u00e8re sortie. Nous avons achet\u00e9 notre premier voilier en 2002. La passion n&#8217;a pas cess\u00e9 de grandir depuis. Nous avons eu trois autres voiliers monocoques par la suite, pour plus d\u2019espace et plus d\u2019\u00e9quipement. Nous avons ensuite d\u00e9cid\u00e9 de louer des voiliers \u00e0 l\u2019\u00e9tranger en commen\u00e7ant par les Bahamas. Coup de c\u0153ur pour la mer turquoise!<\/p>\n\n\n\n<p>Notre aventure de la voile se poursuit dans les Antilles. Un r\u00eave a commenc\u00e9\u2026 Pourquoi pas un catamaran?&nbsp;Plus de luxe et d\u2019espace, et la possibilit\u00e9 d\u2019amener des gens avec nous leur faire vivre notre passion.<\/p>\n\n\n\n<p>Nous avons opt\u00e9 pour un catamaran performant, confortable et luxueux : le Balance 526.<\/p>\n\n\n\n<p>Comme mon mari n&#8217;est pas \u00e0 la retraite, je serai votre h\u00f4tesse et je vous accueillerai avec un capitaine exp\u00e9riment\u00e9.<\/p>\n","protected":false},"excerpt":{"rendered":"<p>Nous sommes un couple tomb\u00e9 amoureux de la voile d\u00e8s notre premi\u00e8re sortie. Nous avons achet\u00e9 notre premier voilier en 2002. La passion n&#8217;a pas cess\u00e9 de grandir depuis. Nous avons eu trois autres voiliers monocoques par la suite, pour plus d\u2019espace et plus d\u2019\u00e9quipement. Nous avons ensuite d\u00e9cid\u00e9 de louer des voiliers \u00e0 l\u2019\u00e9tranger [&hellip;]<\/p>\n","protected":false},"author":1,"featured_media":0,"parent":0,"menu_order":0,"comment_status":"closed","ping_status":"closed","template":"","meta":{"footnotes":""},"_links":{"self":[{"href":"https:\/\/ohana-8.com\/index.php?rest_route=\/wp\/v2\/pages\/56"}],"collection":[{"href":"https:\/\/ohana-8.com\/index.php?rest_route=\/wp\/v2\/pages"}],"about":[{"href":"https:\/\/ohana-8.com\/index.php?rest_route=\/wp\/v2\/types\/page"}],"author":[{"embeddable":true,"href":"https:\/\/ohana-8.com\/index.php?rest_route=\/wp\/v2\/users\/1"}],"replies":[{"embeddable":true,"href":"https:\/\/ohana-8.com\/index.php?rest_route=%2Fwp%2Fv2%2Fcomments&post=56"}],"version-history":[{"count":7,"href":"https:\/\/ohana-8.com\/index.php?rest_route=\/wp\/v2\/pages\/56\/revisions"}],"predecessor-version":[{"id":398,"href":"https:\/\/ohana-8.com\/index.php?rest_route=\/wp\/v2\/pages\/56\/revisions\/398"}],"wp:attachment":[{"href":"https:\/\/ohana-8.com\/index.php?rest_route=%2Fwp%2Fv2%2Fmedia&parent=56"}],"curies":[{"name":"wp","href":"https:\/\/api.w.org\/{rel}","templated":true}]}}