{"id":286,"date":"2023-08-25T17:35:19","date_gmt":"2023-08-25T17:35:19","guid":{"rendered":"https:\/\/ohana-8.com\/?page_id=286"},"modified":"2024-04-14T23:51:29","modified_gmt":"2024-04-14T23:51:29","slug":"le-catamaran","status":"publish","type":"page","link":"https:\/\/ohana-8.com\/?page_id=286","title":{"rendered":"Le catamaran"},"content":{"rendered":"\n<div class=\"wp-block-group alignfull has-global-padding is-layout-constrained wp-block-group-is-layout-constrained\" style=\"padding-right:var(--wp--preset--spacing--40);padding-left:var(--wp--preset--spacing--40)\">\n<h2 class=\"wp-block-heading alignwide has-text-align-left has-xx-large-font-size\" style=\"font-style:normal;font-weight:900;line-height:0.9;text-transform:uppercase\">Le ohana 8<\/h2>\n\n\n\n<div class=\"wp-block-group alignwide is-nowrap is-layout-flex wp-container-4 wp-block-group-is-layout-flex\">\n<div class=\"wp-block-columns is-layout-flex wp-container-3 wp-block-columns-is-layout-flex\">\n<div class=\"wp-block-column is-layout-flow wp-block-column-is-layout-flow\">\n<h2 class=\"wp-block-heading has-text-align-left has-x-large-font-size\" style=\"font-style:normal;font-weight:900;line-height:0.9;text-transform:uppercase\">Ohana<\/h2>\n\n\n\n<p><em>Ohana<\/em> est un mot hawa\u00efen qui signifie \u00ab famille \u00bb en fran\u00e7ais. Il est souvent utilis\u00e9 pour repr\u00e9senter un sentiment de connexion et d\u2019appartenance au sein<br>d\u2019une famille \u00e9largie ou d\u2019un groupe proche. Cela repr\u00e9sente l\u2019id\u00e9e que les membres de la famille se soutiennent mutuellement et restent unis, peu importe les circonstances.<\/p>\n<\/div>\n\n\n\n<div class=\"wp-block-column is-layout-flow wp-block-column-is-layout-flow\">\n<h2 class=\"wp-block-heading has-text-align-left has-x-large-font-size\" style=\"font-style:normal;font-weight:900;line-height:0.9;text-transform:uppercase\">Sa construction<\/h2>\n\n\n\n<p>Fiche technique : <a href=\"https:\/\/balancecatamarans.com\/balance-526\/\">526 &#8211; Balance Catamarans<\/a><\/p>\n<\/div>\n<\/div>\n<\/div>\n\n\n\n<div class=\"wp-block-columns alignwide is-layout-flex wp-container-6 wp-block-columns-is-layout-flex\" style=\"padding-right:0;padding-left:0\">\n<div class=\"wp-block-column is-vertically-aligned-center is-layout-flow wp-block-column-is-layout-flow\">\n<div class=\"alignnormal\"><div id=\"metaslider-id-249\" style=\"width: 100%;\" class=\"ml-slider-3-36-0 metaslider metaslider-flex metaslider-249 ml-slider ms-theme-radix has-dots-nav\" role=\"region\" aria-roledescription=\"Slideshow\" aria-label=\"New Slideshow\">\n    <div id=\"metaslider_container_249\">\n        <div id=\"metaslider_249\">\n            <ul aria-live=\"polite\" class=\"slides\">\n                <li style=\"display: block; width: 100%;\" class=\"slide-262 ms-image\" aria-roledescription=\"slide\" aria-label=\"slide-262\"><img src=\"https:\/\/ohana-8.com\/wp-content\/uploads\/2023\/02\/coin-repas-interieur-scaled-1920x1080.jpg\" height=\"1080\" width=\"1920\" alt=\"alt-int\" class=\"slider-249 slide-262\" title=\"coin repas int\u00e9rieur\" \/><\/li>\n                <li style=\"display: none; width: 100%;\" class=\"slide-251 ms-image\" aria-roledescription=\"slide\" aria-label=\"slide-251\"><img src=\"https:\/\/ohana-8.com\/wp-content\/uploads\/2023\/02\/cuisine-Ohana-scaled-1920x1080.jpg\" height=\"1080\" width=\"1920\" alt=\"cuisine Ohana\" class=\"slider-249 slide-251\" title=\"cuisine Ohana\" \/><\/li>\n                <li style=\"display: none; width: 100%;\" class=\"slide-252 ms-image\" aria-roledescription=\"slide\" aria-label=\"slide-252\"><img src=\"https:\/\/ohana-8.com\/wp-content\/uploads\/2021\/11\/20201209_095858-scaled-1920x1080.jpg\" height=\"1080\" width=\"1920\" alt=\"dining-int\" class=\"slider-249 slide-252\" title=\"20201209_095858\" \/><\/li>\n                <li style=\"display: none; width: 100%;\" class=\"slide-261 ms-image\" aria-roledescription=\"slide\" aria-label=\"slide-261\"><img src=\"https:\/\/ohana-8.com\/wp-content\/uploads\/2021\/11\/20201209_101718-scaled-1920x1080.jpg\" height=\"1080\" width=\"1920\" alt=\"fridges\" class=\"slider-249 slide-261\" title=\"20201209_101718\" \/><\/li>\n                <li style=\"display: none; width: 100%;\" class=\"slide-253 ms-image\" aria-roledescription=\"slide\" aria-label=\"slide-253\"><img src=\"https:\/\/ohana-8.com\/wp-content\/uploads\/2021\/11\/20201209_100326-scaled-1920x1080.jpg\" height=\"1080\" width=\"1920\" alt=\"dining-ext\" class=\"slider-249 slide-253\" title=\"20201209_100326\" \/><\/li>\n                <li style=\"display: none; width: 100%;\" class=\"slide-254 ms-image\" aria-roledescription=\"slide\" aria-label=\"slide-254\"><img src=\"https:\/\/ohana-8.com\/wp-content\/uploads\/2021\/11\/20201209_100404-scaled-1920x1080.jpg\" height=\"1080\" width=\"1920\" alt=\"lounging-ext\" class=\"slider-249 slide-254\" title=\"20201209_100404\" \/><\/li>\n                <li style=\"display: none; width: 100%;\" class=\"slide-255 ms-image\" aria-roledescription=\"slide\" aria-label=\"slide-255\"><img src=\"https:\/\/ohana-8.com\/wp-content\/uploads\/2021\/11\/20201209_100429-scaled-1920x1080.jpg\" height=\"1080\" width=\"1920\" alt=\"lounging-ext-2\" class=\"slider-249 slide-255\" title=\"20201209_100429\" \/><\/li>\n                <li style=\"display: none; width: 100%;\" class=\"slide-256 ms-image\" aria-roledescription=\"slide\" aria-label=\"slide-256\"><img src=\"https:\/\/ohana-8.com\/wp-content\/uploads\/2021\/11\/20201209_101219-scaled-1920x1080.jpg\" height=\"1080\" width=\"1920\" alt=\"dingy\" class=\"slider-249 slide-256\" title=\"20201209_101219\" \/><\/li>\n                <li style=\"display: none; width: 100%;\" class=\"slide-257 ms-image\" aria-roledescription=\"slide\" aria-label=\"slide-257\"><img src=\"https:\/\/ohana-8.com\/wp-content\/uploads\/2023\/02\/Coin-de-navigation-scaled-1920x1080.jpg\" height=\"1080\" width=\"1920\" alt=\"cpt-wheel\" class=\"slider-249 slide-257\" title=\"Coin de navigation\" \/><\/li>\n                <li style=\"display: none; width: 100%;\" class=\"slide-414 ms-image\" aria-roledescription=\"slide\" aria-label=\"slide-414\"><img src=\"https:\/\/ohana-8.com\/wp-content\/uploads\/2024\/04\/20240321_175458-scaled-1920x1080.jpg\" height=\"1080\" width=\"1920\" alt=\"\" class=\"slider-249 slide-414\" title=\"20240321_175458\" \/><\/li>\n                <li style=\"display: none; width: 100%;\" class=\"slide-259 ms-image\" aria-roledescription=\"slide\" aria-label=\"slide-259\"><img src=\"https:\/\/ohana-8.com\/wp-content\/uploads\/2024\/04\/20240321_180425-scaled-1920x1080.jpg\" height=\"1080\" width=\"1920\" alt=\"\" class=\"slider-249 slide-259\" title=\"20240321_180425\" \/><\/li>\n                <li style=\"display: none; width: 100%;\" class=\"slide-258 ms-image\" aria-roledescription=\"slide\" aria-label=\"slide-258\"><img src=\"https:\/\/ohana-8.com\/wp-content\/uploads\/2023\/02\/douche-scaled-1920x1080.jpg\" height=\"1080\" width=\"1920\" alt=\"shower\" class=\"slider-249 slide-258\" title=\"douche\" \/><\/li>\n                <li style=\"display: none; width: 100%;\" class=\"slide-260 ms-image\" aria-roledescription=\"slide\" aria-label=\"slide-260\"><img src=\"https:\/\/ohana-8.com\/wp-content\/uploads\/2023\/02\/salle-toilette-scaled-1920x1080.jpg\" height=\"1080\" width=\"1920\" alt=\"bathroom\" class=\"slider-249 slide-260\" title=\"salle toilette\" \/><\/li>\n            <\/ul>\n        <\/div>\n        \n    <\/div>\n<\/div><\/div>\n<\/div>\n<\/div>\n<\/div>\n","protected":false},"excerpt":{"rendered":"<p>Le ohana 8 Ohana Ohana est un mot hawa\u00efen qui signifie \u00ab famille \u00bb en fran\u00e7ais. Il est souvent utilis\u00e9 pour repr\u00e9senter un sentiment de connexion et d\u2019appartenance au seind\u2019une famille \u00e9largie ou d\u2019un groupe proche. Cela repr\u00e9sente l\u2019id\u00e9e que les membres de la famille se soutiennent mutuellement et restent unis, peu importe les circonstances. [&hellip;]<\/p>\n","protected":false},"author":1,"featured_media":0,"parent":0,"menu_order":0,"comment_status":"closed","ping_status":"closed","template":"","meta":{"footnotes":""},"_links":{"self":[{"href":"https:\/\/ohana-8.com\/index.php?rest_route=\/wp\/v2\/pages\/286"}],"collection":[{"href":"https:\/\/ohana-8.com\/index.php?rest_route=\/wp\/v2\/pages"}],"about":[{"href":"https:\/\/ohana-8.com\/index.php?rest_route=\/wp\/v2\/types\/page"}],"author":[{"embeddable":true,"href":"https:\/\/ohana-8.com\/index.php?rest_route=\/wp\/v2\/users\/1"}],"replies":[{"embeddable":true,"href":"https:\/\/ohana-8.com\/index.php?rest_route=%2Fwp%2Fv2%2Fcomments&post=286"}],"version-history":[{"count":11,"href":"https:\/\/ohana-8.com\/index.php?rest_route=\/wp\/v2\/pages\/286\/revisions"}],"predecessor-version":[{"id":421,"href":"https:\/\/ohana-8.com\/index.php?rest_route=\/wp\/v2\/pages\/286\/revisions\/421"}],"wp:attachment":[{"href":"https:\/\/ohana-8.com\/index.php?rest_route=%2Fwp%2Fv2%2Fmedia&parent=286"}],"curies":[{"name":"wp","href":"https:\/\/api.w.org\/{rel}","templated":true}]}}