{"id":246,"date":"2023-08-25T16:21:45","date_gmt":"2023-08-25T16:21:45","guid":{"rendered":"https:\/\/ohana-8.com\/?page_id=246"},"modified":"2024-04-14T23:46:43","modified_gmt":"2024-04-14T23:46:43","slug":"246-2","status":"publish","type":"page","link":"https:\/\/ohana-8.com\/?page_id=246","title":{"rendered":"D\u00e9couvrir"},"content":{"rendered":"\n<main class=\"wp-block-group alignfull has-global-padding is-layout-constrained wp-container-12 wp-block-group-is-layout-constrained\">\n<h2 class=\"wp-block-heading has-text-align-left has-xxx-large-font-size\" style=\"padding-top:var(--wp--preset--spacing--30);padding-right:var(--wp--preset--spacing--40);padding-bottom:var(--wp--preset--spacing--30);padding-left:var(--wp--preset--spacing--40);font-style:normal;font-weight:900;line-height:0.9;text-transform:uppercase\">La martinique<\/h2>\n\n\n\n<div class=\"wp-block-group alignfull has-global-padding is-layout-constrained wp-block-group-is-layout-constrained\">\n<h2 class=\"wp-block-heading alignwide has-text-align-left has-xx-large-font-size\" style=\"margin-right:0;margin-left:0;padding-top:var(--wp--preset--spacing--30);padding-right:var(--wp--preset--spacing--40);padding-bottom:var(--wp--preset--spacing--30);padding-left:var(--wp--preset--spacing--40);font-style:normal;font-weight:900;line-height:0.9;text-transform:uppercase\">Quoi faire<\/h2>\n\n\n\n<div class=\"wp-block-group alignwide is-nowrap is-layout-flex wp-container-4 wp-block-group-is-layout-flex\" style=\"padding-right:var(--wp--preset--spacing--40);padding-left:var(--wp--preset--spacing--40)\">\n<div class=\"wp-block-columns is-layout-flex wp-container-3 wp-block-columns-is-layout-flex\">\n<div class=\"wp-block-column is-layout-flow wp-block-column-is-layout-flow\">\n<h2 class=\"wp-block-heading has-text-align-left has-x-large-font-size\" style=\"font-style:normal;font-weight:900;line-height:0.9;text-transform:none\">Des exp\u00e9riences de plong\u00e9e uniques<\/h2>\n\n\n\n<p>La Martinique poss\u00e8de plus de 20 centres de plong\u00e9e professionnels et accr\u00e9dit\u00e9s et des centaines de sites bien prot\u00e9g\u00e9s pour les plongeurs de tous les niveaux. Avec des temp\u00e9ratures de 26 \u00e0 30 degr\u00e9s Celsius, les eaux de la Martinique offrent une vie marine haute en couleur : tortues \u00e0 \u00e9cailles, raies aigles, barracudas et bancs de poissons tropicaux, r\u00e9cifs coralliens immacul\u00e9s, \u00e9ponges de mer gigantesques et gorgones. Vous pourrez \u00e9galement plonger vers les \u00e9paves de Saint-Pierre, des bateaux qui ont fait naufrage lors de l\u2019\u00e9ruption de la montagne Pel\u00e9e en 1902.<\/p>\n\n\n\n<figure class=\"wp-block-image size-large\"><img decoding=\"async\" loading=\"lazy\" width=\"1024\" height=\"680\" src=\"https:\/\/ohana-8.com\/wp-content\/uploads\/2023\/08\/beach_rock_diamond_martinique-781651-1024x680.jpg\" alt=\"\" class=\"wp-image-313\" srcset=\"https:\/\/ohana-8.com\/wp-content\/uploads\/2023\/08\/beach_rock_diamond_martinique-781651-1024x680.jpg 1024w, https:\/\/ohana-8.com\/wp-content\/uploads\/2023\/08\/beach_rock_diamond_martinique-781651-300x199.jpg 300w, https:\/\/ohana-8.com\/wp-content\/uploads\/2023\/08\/beach_rock_diamond_martinique-781651-768x510.jpg 768w, https:\/\/ohana-8.com\/wp-content\/uploads\/2023\/08\/beach_rock_diamond_martinique-781651.jpg 1200w\" sizes=\"(max-width: 1024px) 100vw, 1024px\" \/><\/figure>\n\n\n\n<h2 class=\"wp-block-heading has-text-align-left has-x-large-font-size\" style=\"font-style:normal;font-weight:900;line-height:0.9;text-transform:none\">Des plages paradisiaques<\/h2>\n\n\n\n<p>Le littoral martiniquais est accessible partout, donc les plages aux<br>beaut\u00e9s sauvages ne manquent pas et sont ouvertes au public toute<br>l\u2019ann\u00e9e. Les plus sportifs en profiteront pour pratiquer le surf, le kayak,<br>le surf cerf-volant, la planche \u00e0 voile et le Flyboard. Pour de longues \u00e9tendues de sable blanc baign\u00e9es par des eaux bleues calmes, direction la c\u00f4te cara\u00efbe. La c\u00f4te atlantique offre, quant \u00e0 elle, de nombreuses baies isol\u00e9es bord\u00e9es de palmier, tandis que la c\u00f4te nord expose des bandes de sable volcanique noir sur fond de montagnes verdoyantes.<\/p>\n\n\n\n<figure class=\"wp-block-image size-full\"><img decoding=\"async\" loading=\"lazy\" width=\"650\" height=\"434\" src=\"https:\/\/ohana-8.com\/wp-content\/uploads\/2023\/08\/6868645466345.jpg\" alt=\"\" class=\"wp-image-316\" srcset=\"https:\/\/ohana-8.com\/wp-content\/uploads\/2023\/08\/6868645466345.jpg 650w, https:\/\/ohana-8.com\/wp-content\/uploads\/2023\/08\/6868645466345-300x200.jpg 300w\" sizes=\"(max-width: 650px) 100vw, 650px\" \/><\/figure>\n\n\n\n<h2 class=\"wp-block-heading has-text-align-left has-x-large-font-size\" style=\"font-style:normal;font-weight:900;line-height:0.9;text-transform:none\">De grands rhums agricoles de renomm\u00e9e mondiale<\/h2>\n\n\n\n<p class=\"has-text-align-left\">Saviez-vous que la Martinique est reconnue en tant que capitale<br>mondiale du rhum? Ses rhums agricoles profitent de la prestigieuse<br>appellation d\u2019origine contr\u00f4l\u00e9e (AOC). Ils se d\u00e9marquent gr\u00e2ce \u00e0 leur<br>technique de production unique : le jus fra\u00eechement press\u00e9 de la canne \u00e0 sucre cultiv\u00e9e localement est ferment\u00e9 et distill\u00e9 avant d\u2019\u00eatre mis au repos ou vieilli en f\u00fbts de ch\u00eane. Pour les d\u00e9couvrir, suivez la Route des Rhums qui m\u00e8ne aux onze distilleries de l\u2019\u00eele.<\/p>\n\n\n\n<figure class=\"wp-block-image size-full\"><img decoding=\"async\" loading=\"lazy\" width=\"1024\" height=\"1024\" src=\"https:\/\/ohana-8.com\/wp-content\/uploads\/2023\/08\/49383288722_02935a355e_b.jpg\" alt=\"\" class=\"wp-image-318\" srcset=\"https:\/\/ohana-8.com\/wp-content\/uploads\/2023\/08\/49383288722_02935a355e_b.jpg 1024w, https:\/\/ohana-8.com\/wp-content\/uploads\/2023\/08\/49383288722_02935a355e_b-300x300.jpg 300w, https:\/\/ohana-8.com\/wp-content\/uploads\/2023\/08\/49383288722_02935a355e_b-150x150.jpg 150w, https:\/\/ohana-8.com\/wp-content\/uploads\/2023\/08\/49383288722_02935a355e_b-768x768.jpg 768w\" sizes=\"(max-width: 1024px) 100vw, 1024px\" \/><\/figure>\n<\/div>\n\n\n\n<div class=\"wp-block-column is-layout-flow wp-block-column-is-layout-flow\">\n<figure class=\"wp-block-image size-large\"><img decoding=\"async\" loading=\"lazy\" width=\"1024\" height=\"640\" src=\"https:\/\/ohana-8.com\/wp-content\/uploads\/2023\/08\/fish-coral-reef-underwater-coral-reef-fish-marine-biology-reef-1598110-pxhere.com_-1024x640.jpg\" alt=\"\" class=\"wp-image-315\" srcset=\"https:\/\/ohana-8.com\/wp-content\/uploads\/2023\/08\/fish-coral-reef-underwater-coral-reef-fish-marine-biology-reef-1598110-pxhere.com_-1024x640.jpg 1024w, https:\/\/ohana-8.com\/wp-content\/uploads\/2023\/08\/fish-coral-reef-underwater-coral-reef-fish-marine-biology-reef-1598110-pxhere.com_-300x188.jpg 300w, https:\/\/ohana-8.com\/wp-content\/uploads\/2023\/08\/fish-coral-reef-underwater-coral-reef-fish-marine-biology-reef-1598110-pxhere.com_-768x480.jpg 768w, https:\/\/ohana-8.com\/wp-content\/uploads\/2023\/08\/fish-coral-reef-underwater-coral-reef-fish-marine-biology-reef-1598110-pxhere.com_-1536x960.jpg 1536w, https:\/\/ohana-8.com\/wp-content\/uploads\/2023\/08\/fish-coral-reef-underwater-coral-reef-fish-marine-biology-reef-1598110-pxhere.com_-2048x1280.jpg 2048w\" sizes=\"(max-width: 1024px) 100vw, 1024px\" \/><\/figure>\n\n\n\n<h2 class=\"wp-block-heading has-text-align-left has-x-large-font-size\" style=\"font-style:normal;font-weight:900;line-height:0.9;text-transform:none\">Les beaut\u00e9s naturelles de l\u2019\u00eele<\/h2>\n\n\n\n<p class=\"has-text-align-left\">En randonn\u00e9e, vous pourrez d\u00e9couvrir les beaut\u00e9s de l\u2019\u00eele sous toutes<br>ses formes. Ce sont plus de 250 kilom\u00e8tres de sentiers qui relient le<br>littoral accident\u00e9, les for\u00eats tropicales et les montagnes brumeuses. Et<br>puisque les deux tiers de l\u2019\u00eele sont couverts de parcs prot\u00e9g\u00e9s, le territoire est merveilleusement pr\u00e9serv\u00e9. Le Jardin de Balata, pr\u00e8s de Fort-de-France, et le Domaine d\u2019\u00c9meraude, pr\u00e8s de la ville septentrionale de Le Morne-Rouge, sont deux vastes parcs \u00e0 d\u00e9couvrir, abritant de superbes jardins paysagers et des for\u00eats o\u00f9 admirer plantes et arbres indig\u00e8nes. Les amateurs de plein air pourront \u00e9galement d\u00e9couvrir les for\u00eats de mangroves en kayak ou en cano\u00eb, pratiquer le cyclisme ou l\u2019\u00e9quitation et observer les oiseaux.<\/p>\n\n\n\n<figure class=\"wp-block-image size-large\"><img decoding=\"async\" loading=\"lazy\" width=\"910\" height=\"622\" src=\"https:\/\/ohana-8.com\/wp-content\/uploads\/2023\/08\/antigua-caribbean-exotic-sea.jpg\" alt=\"\" class=\"wp-image-314\" srcset=\"https:\/\/ohana-8.com\/wp-content\/uploads\/2023\/08\/antigua-caribbean-exotic-sea.jpg 910w, https:\/\/ohana-8.com\/wp-content\/uploads\/2023\/08\/antigua-caribbean-exotic-sea-300x205.jpg 300w, https:\/\/ohana-8.com\/wp-content\/uploads\/2023\/08\/antigua-caribbean-exotic-sea-768x525.jpg 768w\" sizes=\"(max-width: 910px) 100vw, 910px\" \/><\/figure>\n\n\n\n<h2 class=\"wp-block-heading has-text-align-left has-x-large-font-size\" style=\"font-style:normal;font-weight:900;line-height:0.9;text-transform:none\">Fort-de-France, capitale de la Martinique<\/h2>\n\n\n\n<p>\u00c0 Fort-de-France, pour vivre une ambiance typique, ne manquez pas<br>le grand march\u00e9 couvert, l\u2019un des march\u00e9s les plus dynamiques des<br>Cara\u00efbes, o\u00f9 sont vendus fruits, fleurs et souvenirs. Pour prendre un bain de culture, prenez le temps d\u2019admirer les jolies peintures murales ornant les rues de la capitale.<\/p>\n\n\n\n<figure class=\"wp-block-image size-large\"><img decoding=\"async\" loading=\"lazy\" width=\"1024\" height=\"681\" src=\"https:\/\/ohana-8.com\/wp-content\/uploads\/2023\/08\/Rhums_de_la_Martinique-1024x681.jpg\" alt=\"\" class=\"wp-image-317\" srcset=\"https:\/\/ohana-8.com\/wp-content\/uploads\/2023\/08\/Rhums_de_la_Martinique-1024x681.jpg 1024w, https:\/\/ohana-8.com\/wp-content\/uploads\/2023\/08\/Rhums_de_la_Martinique-300x200.jpg 300w, https:\/\/ohana-8.com\/wp-content\/uploads\/2023\/08\/Rhums_de_la_Martinique-768x511.jpg 768w, https:\/\/ohana-8.com\/wp-content\/uploads\/2023\/08\/Rhums_de_la_Martinique-1536x1022.jpg 1536w, https:\/\/ohana-8.com\/wp-content\/uploads\/2023\/08\/Rhums_de_la_Martinique-2048x1362.jpg 2048w\" sizes=\"(max-width: 1024px) 100vw, 1024px\" \/><\/figure>\n\n\n\n<h2 class=\"wp-block-heading has-text-align-left has-x-large-font-size\" style=\"font-style:normal;font-weight:900;line-height:0.9;text-transform:none\">Les randonn\u00e9es p\u00e9destres<\/h2>\n\n\n\n<p class=\"has-text-align-left\">Les amateurs de rando et de promenade p\u00e9destre seront combl\u00e9s, car la<br>Martinique est assur\u00e9ment une terre qui se pr\u00eate \u00e0 la pratique de la<br>randonn\u00e9e. L\u2019\u00eele compte pas moins de 180 km de sentiers<br>balis\u00e9s! Les niveaux de difficult\u00e9 sont tr\u00e8s variables et il est ainsi<br>possible de trouver des itin\u00e9raires pour tous les go\u00fbts et surtout tous<br>les mollets\u2026 des moins r\u00e9sistants aux plus aguerris! Sentiers c\u00f4tiers<br>du littoral, larges chemins forestiers ombrag\u00e9s ou simples traces<br>sinueuses au c\u0153ur de la v\u00e9g\u00e9tation tropicale, la diversit\u00e9 des<br>paysages et des ambiances est \u00e9galement au rendez-vous. Parmi les<br>itin\u00e9raires les plus connus, on citera bien s\u00fbr l\u2019ascension de la<br>Montagne Pel\u00e9e par l\u2019Aileron, mais aussi la magnifique Trace des<br>Caps ou encore le chemin c\u00f4tier de la R\u00e9serve de la Caravelle\u2026 Nous<br>vous proposons donc, ci-dessous, un petit guide de la randonn\u00e9e en<br>Martinique ainsi que quelques conseils pratiques.<br>Pour plus de renseignements sur les activit\u00e9s \u00e0 faire, consultez ce<br>lien : <a href=\"https:\/\/www.alltrails.com\/fr\/martinique\/\">AllTrails<\/a><\/p>\n<\/div>\n<\/div>\n<\/div>\n<\/div>\n\n\n\n<div style=\"height:32px\" aria-hidden=\"true\" class=\"wp-block-spacer\"><\/div>\n\n\n\n<div class=\"wp-block-group alignfull has-global-padding is-layout-constrained wp-block-group-is-layout-constrained\">\n<h2 class=\"wp-block-heading alignwide has-text-align-left has-xx-large-font-size\" style=\"font-style:normal;font-weight:900;line-height:0.9;text-transform:uppercase\">Se pr\u00e9parer<\/h2>\n\n\n\n<div class=\"wp-block-group alignwide is-nowrap is-layout-flex wp-container-10 wp-block-group-is-layout-flex\">\n<div class=\"wp-block-columns is-layout-flex wp-container-9 wp-block-columns-is-layout-flex\">\n<div class=\"wp-block-column is-layout-flow wp-block-column-is-layout-flow\">\n<h2 class=\"wp-block-heading has-text-align-left has-x-large-font-size\" style=\"font-style:normal;font-weight:900;line-height:0.9;text-transform:uppercase\">Rencontre pr\u00e9liminaire<\/h2>\n\n\n\n<p>Discussion de vos objectifs<br>Bilan de sant\u00e9 avec l&#8217;infirmi\u00e8re \u00e0 bord<br>Votre exp\u00e9rience de la voile<br>Planification des repas pour le s\u00e9jour<\/p>\n<\/div>\n\n\n\n<div class=\"wp-block-column is-layout-flow wp-block-column-is-layout-flow\">\n<h2 class=\"wp-block-heading has-text-align-left has-x-large-font-size\" style=\"font-style:normal;font-weight:900;line-height:0.9;text-transform:uppercase\">Quoi apporter?<\/h2>\n\n\n\n<p>Passeport canadien valide durant toute la dur\u00e9e du s\u00e9jour<br>G\u00e9n\u00e9ralement, aucun visa n\u2019est exig\u00e9, mais il est bon de v\u00e9rifier aupr\u00e8s des autorit\u00e9s<\/p>\n\n\n\n<div class=\"wp-block-file\"><a id=\"wp-block-file--media-03b82052-1fe9-4fb6-b4a6-26ab78683ea5\" href=\"https:\/\/ohana-8.com\/wp-content\/uploads\/2023\/09\/Liste-pour-valise-voyage-Catamaran-pour-femme.docx\">Bagages pour elle<\/a><a href=\"https:\/\/ohana-8.com\/wp-content\/uploads\/2023\/09\/Liste-pour-valise-voyage-Catamaran-pour-femme.docx\" class=\"wp-block-file__button wp-element-button\" download aria-describedby=\"wp-block-file--media-03b82052-1fe9-4fb6-b4a6-26ab78683ea5\">T\u00e9l\u00e9charger<\/a><\/div>\n\n\n\n<div class=\"wp-block-file\"><a id=\"wp-block-file--media-22498d9d-8aff-4c61-82b7-983f7f015272\" href=\"https:\/\/ohana-8.com\/wp-content\/uploads\/2023\/09\/Liste-pour-valise-voyage-Catamaran-pour-hommes.docx\">Bagages pour lui<\/a><a href=\"https:\/\/ohana-8.com\/wp-content\/uploads\/2023\/09\/Liste-pour-valise-voyage-Catamaran-pour-hommes.docx\" class=\"wp-block-file__button wp-element-button\" download aria-describedby=\"wp-block-file--media-22498d9d-8aff-4c61-82b7-983f7f015272\">T\u00e9l\u00e9charger<\/a><\/div>\n<\/div>\n\n\n\n<div class=\"wp-block-column is-layout-flow wp-block-column-is-layout-flow\">\n<h2 class=\"wp-block-heading has-text-align-left has-x-large-font-size\" style=\"font-style:normal;font-weight:900;line-height:0.9;text-transform:uppercase\">Comment se rendre<\/h2>\n\n\n\n<p><a href=\"https:\/\/www.ca.kayak.com\/flight-routes\/Montreal-Pierre-Elliott-Trudeau-Intl-YUL\/Fort-de-France-Lamentin-FDF\">Depuis Montr\u00e9al (YUL) vers Fort-de-France (FDF)<\/a><br>Depuis Fort-de-France vers Marina Le Marin (en taxi)<br>Les billets d&#8217;avions et le taxi ne sont pas inclus dans les forfaits<\/p>\n<\/div>\n<\/div>\n<\/div>\n<\/div>\n\n\n\n<div style=\"height:32px\" aria-hidden=\"true\" class=\"wp-block-spacer\"><\/div>\n<\/main>\n","protected":false},"excerpt":{"rendered":"<p>La martinique Quoi faire Des exp\u00e9riences de plong\u00e9e uniques La Martinique poss\u00e8de plus de 20 centres de plong\u00e9e professionnels et accr\u00e9dit\u00e9s et des centaines de sites bien prot\u00e9g\u00e9s pour les plongeurs de tous les niveaux. Avec des temp\u00e9ratures de 26 \u00e0 30 degr\u00e9s Celsius, les eaux de la Martinique offrent une vie marine haute en [&hellip;]<\/p>\n","protected":false},"author":1,"featured_media":0,"parent":0,"menu_order":0,"comment_status":"closed","ping_status":"closed","template":"","meta":{"footnotes":""},"_links":{"self":[{"href":"https:\/\/ohana-8.com\/index.php?rest_route=\/wp\/v2\/pages\/246"}],"collection":[{"href":"https:\/\/ohana-8.com\/index.php?rest_route=\/wp\/v2\/pages"}],"about":[{"href":"https:\/\/ohana-8.com\/index.php?rest_route=\/wp\/v2\/types\/page"}],"author":[{"embeddable":true,"href":"https:\/\/ohana-8.com\/index.php?rest_route=\/wp\/v2\/users\/1"}],"replies":[{"embeddable":true,"href":"https:\/\/ohana-8.com\/index.php?rest_route=%2Fwp%2Fv2%2Fcomments&post=246"}],"version-history":[{"count":28,"href":"https:\/\/ohana-8.com\/index.php?rest_route=\/wp\/v2\/pages\/246\/revisions"}],"predecessor-version":[{"id":418,"href":"https:\/\/ohana-8.com\/index.php?rest_route=\/wp\/v2\/pages\/246\/revisions\/418"}],"wp:attachment":[{"href":"https:\/\/ohana-8.com\/index.php?rest_route=%2Fwp%2Fv2%2Fmedia&parent=246"}],"curies":[{"name":"wp","href":"https:\/\/api.w.org\/{rel}","templated":true}]}}